{"id":646,"date":"2019-01-09T10:16:08","date_gmt":"2019-01-09T10:16:08","guid":{"rendered":"http:\/\/demo-content.agnidesigns.com\/merino\/?page_id=646"},"modified":"2022-05-02T12:59:11","modified_gmt":"2022-05-02T10:59:11","slug":"about","status":"publish","type":"page","link":"https:\/\/chereatelier.hr\/en\/about\/","title":{"rendered":"About"},"content":{"rendered":"<div class=\"wpb-content-wrapper\"><p>[vc_row disable_element=&#8221;yes&#8221; margin_top=&#8221;140&#8243; margin_top_tab=&#8221;140&#8243; margin_top_mobile=&#8221;60px&#8221;][vc_column width=&#8221;1\/2&#8243; offset=&#8221;vc_col-lg-offset-1 vc_col-lg-6 vc_col-md-7&#8243;][vc_row_inner][vc_column_inner width=&#8221;11\/12&#8243; offset=&#8221;vc_col-md-10&#8243;]<div class=\" agni-image custom-image-container agni-image-default text-left\">\r\n\t\t\t<figure class=\"agni-image-figure\">\r\n\t\t\t\t<img loading=\"lazy\" decoding=\"async\"  width=\"520\" height=\"360\" src=\"https:\/\/chereatelier.hr\/wp-content\/uploads\/2019\/01\/about-1-intro-1.jpg\" class=\"fullwidth-image attachment-full  attachment-full\" alt=\"\" title=\"about-1-intro-1\" srcset=\"https:\/\/chereatelier.hr\/wp-content\/uploads\/2019\/01\/about-1-intro-1.jpg 520w, https:\/\/chereatelier.hr\/wp-content\/uploads\/2019\/01\/about-1-intro-1-300x208.jpg 300w\" sizes=\"auto, (max-width: 520px) 100vw, 520px\" \/>\r\n\t\t\t\t<figcaption class=\"vc_figure-caption\"><\/figcaption>\r\n\t\t\t<\/figure>\r\n\t\t<\/div>[\/vc_column_inner][vc_column_inner width=&#8221;2\/3&#8243; margin_top=&#8221;-210&#8243; margin_top_tab=&#8221;-160&#8243; margin_top_mobile=&#8221;30&#8243; offset=&#8221;vc_col-md-offset-5 vc_col-md-7 vc_col-sm-offset-4&#8243;]<div class=\" agni-image custom-image-container agni-image-default text-right\">\r\n\t\t\t<figure class=\"agni-image-figure\">\r\n\t\t\t\t<img loading=\"lazy\" decoding=\"async\"  width=\"350\" height=\"560\" src=\"https:\/\/chereatelier.hr\/wp-content\/uploads\/2019\/01\/about-1-intro-2.jpg\" class=\"fullwidth-image attachment-full  attachment-full\" alt=\"\" title=\"about-1-intro-2\" srcset=\"https:\/\/chereatelier.hr\/wp-content\/uploads\/2019\/01\/about-1-intro-2.jpg 350w, https:\/\/chereatelier.hr\/wp-content\/uploads\/2019\/01\/about-1-intro-2-188x300.jpg 188w\" sizes=\"auto, (max-width: 350px) 100vw, 350px\" \/>\r\n\t\t\t\t<figcaption class=\"vc_figure-caption\"><\/figcaption>\r\n\t\t\t<\/figure>\r\n\t\t<\/div>[\/vc_column_inner][\/vc_row_inner][\/vc_column][vc_column width=&#8221;1\/2&#8243; padding_top=&#8221;65&#8243; padding_left=&#8221;100&#8243; padding_top_tab=&#8221;35&#8243; padding_left_tab=&#8221;50&#8243; padding_left_mobile=&#8221;15px&#8221; offset=&#8221;vc_col-lg-4 vc_col-md-5&#8243;][vc_custom_heading text=&#8221;\u201cWe are Merino Nulla pulvinar gravida eget ultricies. In nec pellentesque metus. Aliquam pulvinar consectetur risus. Praesent sed mauris vel elit egestas vitae erat.\u201d&#8221; font_container=&#8221;tag:h5|text_align:left&#8221;][\/vc_column][\/vc_row][vc_row margin_top=&#8221;140&#8243; margin_top_tab=&#8221;140&#8243; margin_top_mobile=&#8221;60px&#8221;][vc_column width=&#8221;1\/2&#8243; offset=&#8221;vc_col-lg-offset-1 vc_col-lg-6 vc_col-md-7&#8243;]<div class=\" agni-image custom-image-container agni-image-default text-left\">\r\n\t\t\t<figure class=\"agni-image-figure\">\r\n\t\t\t\t<img decoding=\"async\" style=\"border-color: #1e1e20; border-color: #1e1e20; border-color: #1e1e20; border-color: #1e1e20; \" class=\"fullwidth-image attachment-1000x600 image-has-bordered \" src=\"https:\/\/chereatelier.hr\/wp-content\/uploads\/2022\/04\/dress-ines-mint-green-1-800x600.jpg\" width=\"800\" height=\"600\" alt=\"dress-ines-mint-green-1\" title=\"dress-ines-mint-green-1\" loading=\"lazy\" \/>\r\n\t\t\t\t<figcaption class=\"vc_figure-caption\"><\/figcaption>\r\n\t\t\t<\/figure>\r\n\t\t<\/div>[\/vc_column][vc_column width=&#8221;1\/2&#8243; padding_top=&#8221;45&#8243; padding_left=&#8221;100&#8243; padding_top_tab=&#8221;35&#8243; padding_left_tab=&#8221;50&#8243; padding_left_mobile=&#8221;15px&#8221; offset=&#8221;vc_col-lg-4 vc_col-md-5&#8243;][vc_custom_heading text=&#8221;\u201cDear customer, welcome to our web store. We want you to feel like you are in the most beautiful wardrobe that will make all your fashion dreams come true. Just as it has made our dreams come true, dreams of starting a fashion brand for women that we have been dreaming of since we were girls.\u201d&#8221; font_container=&#8221;tag:h5|text_align:left&#8221; google_fonts=&#8221;font_family:Marcellus%3Aregular|font_style:400%20regular%3A400%3Anormal&#8221; font_italic=&#8221;yes&#8221;][\/vc_column][\/vc_row][vc_row margin_top=&#8221;105&#8243;][vc_column width=&#8221;7\/12&#8243; padding_right=&#8221;50&#8243; padding_left=&#8221;60&#8243; padding_right_tab=&#8221;15&#8243; padding_left_tab=&#8221;15&#8243; offset=&#8221;vc_col-sm-offset-4&#8243;][vc_custom_heading text=&#8221;CHARM&#038;S brand was founded in Zadar in 2022. and brings elegant evening and day fashion for all women in real sizes. We want to satisfy the tastes and desires of our customers, but also not to forget about our planet. Everyday we make sure that our clothes are created from the finest materials, in fits and sizes that our customers will wear for a long time. In this way, we help the sustainability of the fashion industry, reduce fashion waste and CO2 emissions in the production and destruction of surpluses.&#8221; font_container=&#8221;tag:div|text_align:left|line_height:1.6&#8243; google_fonts=&#8221;font_family:Work%20Sans%3A100%2C200%2C300%2Cregular%2C500%2C600%2C700%2C800%2C900|font_style:400%20regular%3A400%3Anormal&#8221;]<div class=\" separator separator_center\" style=\"width:50%; \">\r\n\t\t\t\t\t<span class=\"sep_holder sep_holder_l\"><span style=\"border-top-style:solid; border-color:\" class=\"sep_line\"><\/span><\/span>\r\n\t\t\t\t\t\r\n\t\t\t\t\t<span class=\"sep_holder sep_holder_r\"><span style=\"border-top-style:solid; border-color:\" class=\"sep_line\"><\/span><\/span>\r\n\t\t\t\t<\/div>[vc_custom_heading text=&#8221;Behind the CHARM&#038;S brand stand Maja \u017divkovi\u0107 and Sandi Babi\u0107, longtime friends and fashion lovers. They decided to launch their fashion brand right now, in 2022., with strong desire to offer the market an awakened elegance and femininity, after a period of dormant fashion as a consequence of world events from 2019. to 2022.&#8221; font_container=&#8221;tag:div|text_align:left|line_height:1.6&#8243; google_fonts=&#8221;font_family:Work%20Sans%3A100%2C200%2C300%2Cregular%2C500%2C600%2C700%2C800%2C900|font_style:400%20regular%3A400%3Anormal&#8221; padding_bottom=&#8221;35&#8243;][\/vc_column][\/vc_row][vc_row fullwidth=&#8221;has-fullwidth-column&#8221; margin_top=&#8221;50&#8243; margin_right=&#8221;120&#8243; margin_left=&#8221;120&#8243; margin_right_tab=&#8221;0px&#8221; margin_left_tab=&#8221;0px&#8221;][vc_column offset=&#8221;vc_col-lg-12&#8243;]<div class=\" agni-image custom-image-container agni-image-default text-left\">\r\n\t\t\t<figure class=\"agni-image-figure\">\r\n\t\t\t\t<img loading=\"lazy\" decoding=\"async\"  width=\"1920\" height=\"800\" src=\"https:\/\/chereatelier.hr\/wp-content\/uploads\/2022\/05\/about_charms.jpg\" class=\"fullwidth-image attachment-full  attachment-full\" alt=\"\" title=\"about_charm&amp;s\" srcset=\"https:\/\/chereatelier.hr\/wp-content\/uploads\/2022\/05\/about_charms.jpg 1920w, https:\/\/chereatelier.hr\/wp-content\/uploads\/2022\/05\/about_charms-300x125.jpg 300w, https:\/\/chereatelier.hr\/wp-content\/uploads\/2022\/05\/about_charms-1024x427.jpg 1024w, https:\/\/chereatelier.hr\/wp-content\/uploads\/2022\/05\/about_charms-768x320.jpg 768w, https:\/\/chereatelier.hr\/wp-content\/uploads\/2022\/05\/about_charms-1536x640.jpg 1536w, https:\/\/chereatelier.hr\/wp-content\/uploads\/2022\/05\/about_charms-800x333.jpg 800w, https:\/\/chereatelier.hr\/wp-content\/uploads\/2022\/05\/about_charms-1200x500.jpg 1200w\" sizes=\"auto, (max-width: 1920px) 100vw, 1920px\" \/>\r\n\t\t\t\t<figcaption class=\"vc_figure-caption\"><\/figcaption>\r\n\t\t\t<\/figure>\r\n\t\t<\/div>[\/vc_column][\/vc_row][vc_row disable_element=&#8221;yes&#8221; margin_top=&#8221;95&#8243; margin_top_tab=&#8221;75&#8243; margin_top_mobile=&#8221;75&#8243;][vc_column width=&#8221;5\/12&#8243; padding_top=&#8221;140&#8243; padding_right=&#8221;45&#8243; padding_bottom=&#8221;0px&#8221; padding_top_tab=&#8221;140&#8243; padding_bottom_tab=&#8221;0px&#8221; padding_top_mobile=&#8221;0px&#8221; padding_bottom_mobile=&#8221;60px&#8221; offset=&#8221;vc_col-lg-3 vc_col-md-3 vc_col-sm-offset-1&#8243;][vc_custom_heading text=&#8221;Duis ultricies a nunc vitae pellentesque. In pharetra laoreet velit ut efficitur. Fusce vitae malesuada est. Vestibulum suscipit porta magna at vulputate. Ut viverra laoreet felis, non scelerisque libero interdum non. Duis accumsan odio efficitur, tempus.&#8221; font_container=&#8221;tag:div|text_align:left|line_height:1.9&#8243; padding_bottom=&#8221;35&#8243;]<div class=\" agni-button  text-left page-scroll\"><a class=\"agni_custom_design_css btn btn-plain btn-default btn-center\" target=\"_self\" href=\"#\"  >Explore More<\/a><\/div>[\/vc_column][vc_column width=&#8221;1\/2&#8243; padding_right=&#8221;72&#8243; offset=&#8221;vc_col-lg-4 vc_col-md-4&#8243;][vc_custom_heading text=&#8221;About us&#8221; font_container=&#8221;tag:div|font_size:14|text_align:left&#8221;][vc_custom_heading text=&#8221;Little Intro&#8221; font_container=&#8221;tag:h4|font_size:24|text_align:left&#8221; padding_bottom=&#8221;15&#8243;]<div class=\" agni-image custom-image-container agni-image-default text-left\">\r\n\t\t\t<figure class=\"agni-image-figure\">\r\n\t\t\t\t<img loading=\"lazy\" decoding=\"async\"  width=\"350\" height=\"540\" src=\"https:\/\/chereatelier.hr\/wp-content\/uploads\/2019\/01\/about-1-desc-1.jpg\" class=\"fullwidth-image attachment-full  attachment-full\" alt=\"\" title=\"about-1-desc-1\" srcset=\"https:\/\/chereatelier.hr\/wp-content\/uploads\/2019\/01\/about-1-desc-1.jpg 350w, https:\/\/chereatelier.hr\/wp-content\/uploads\/2019\/01\/about-1-desc-1-194x300.jpg 194w\" sizes=\"auto, (max-width: 350px) 100vw, 350px\" \/>\r\n\t\t\t\t<figcaption class=\"vc_figure-caption\"><\/figcaption>\r\n\t\t\t<\/figure>\r\n\t\t<\/div>[\/vc_column][vc_column width=&#8221;1\/2&#8243; padding_top=&#8221;90&#8243; offset=&#8221;vc_col-lg-4 vc_col-md-offset-0 vc_col-md-4 vc_col-sm-offset-2&#8243;][vc_row_inner][vc_column_inner offset=&#8221;vc_hidden-sm vc_hidden-xs&#8221;][vc_empty_space height=&#8221;200&#8243;][\/vc_column_inner][\/vc_row_inner]<div class=\" agni-image custom-image-container agni-image-default text-left\">\r\n\t\t\t<figure class=\"agni-image-figure\">\r\n\t\t\t\t<img loading=\"lazy\" decoding=\"async\"  width=\"420\" height=\"500\" src=\"https:\/\/chereatelier.hr\/wp-content\/uploads\/2019\/01\/about-1-desc-2.jpg\" class=\"fullwidth-image attachment-full  attachment-full\" alt=\"\" title=\"about-1-desc-2\" srcset=\"https:\/\/chereatelier.hr\/wp-content\/uploads\/2019\/01\/about-1-desc-2.jpg 420w, https:\/\/chereatelier.hr\/wp-content\/uploads\/2019\/01\/about-1-desc-2-252x300.jpg 252w\" sizes=\"auto, (max-width: 420px) 100vw, 420px\" \/>\r\n\t\t\t\t<figcaption class=\"vc_figure-caption\"><\/figcaption>\r\n\t\t\t<\/figure>\r\n\t\t<\/div>[\/vc_column][\/vc_row][vc_row][vc_column][vc_empty_space height=&#8221;150px&#8221;][\/vc_column][\/vc_row]<\/p>\n<\/div>","protected":false},"excerpt":{"rendered":"<p>[vc_row disable_element=&#8221;yes&#8221; margin_top=&#8221;140&#8243; margin_top_tab=&#8221;140&#8243; margin_top_mobile=&#8221;60px&#8221;][vc_column width=&#8221;1\/2&#8243; offset=&#8221;vc_col-lg-offset-1 vc_col-lg-6 vc_col-md-7&#8243;][vc_row_inner][vc_column_inner width=&#8221;11\/12&#8243; offset=&#8221;vc_col-md-10&#8243;][\/vc_column_inner][vc_column_inner width=&#8221;2\/3&#8243; margin_top=&#8221;-210&#8243; margin_top_tab=&#8221;-160&#8243; margin_top_mobile=&#8221;30&#8243; offset=&#8221;vc_col-md-offset-5 vc_col-md-7 vc_col-sm-offset-4&#8243;][\/vc_column_inner][\/vc_row_inner][\/vc_column][vc_column width=&#8221;1\/2&#8243; padding_top=&#8221;65&#8243; padding_left=&#8221;100&#8243; padding_top_tab=&#8221;35&#8243; padding_left_tab=&#8221;50&#8243; padding_left_mobile=&#8221;15px&#8221; offset=&#8221;vc_col-lg-4 vc_col-md-5&#8243;][vc_custom_heading text=&#8221;\u201cWe are Merino Nulla pulvinar gravida eget ultricies. In nec pellentesque metus. Aliquam pulvinar consectetur risus. Praesent sed mauris vel elit egestas vitae erat.\u201d&#8221; font_container=&#8221;tag:h5|text_align:left&#8221;][\/vc_column][\/vc_row][vc_row margin_top=&#8221;140&#8243; margin_top_tab=&#8221;140&#8243; margin_top_mobile=&#8221;60px&#8221;][vc_column width=&#8221;1\/2&#8243; [&hellip;]<\/p>\n","protected":false},"author":20,"featured_media":0,"parent":0,"menu_order":0,"comment_status":"closed","ping_status":"closed","template":"","meta":{"footnotes":""},"class_list":["post-646","page","type-page","status-publish","hentry"],"yoast_head":"<!-- This site is optimized with the Yoast SEO plugin v27.0 - https:\/\/yoast.com\/product\/yoast-seo-wordpress\/ -->\n<title>About - Charm&amp;s Fashion<\/title>\n<meta name=\"robots\" content=\"index, follow, max-snippet:-1, max-image-preview:large, max-video-preview:-1\" \/>\n<link rel=\"canonical\" href=\"https:\/\/chereatelier.hr\/en\/about\/\" \/>\n<meta property=\"og:locale\" content=\"en_US\" \/>\n<meta property=\"og:type\" content=\"article\" \/>\n<meta property=\"og:title\" content=\"About - Charm&amp;s Fashion\" \/>\n<meta property=\"og:description\" content=\"[vc_row disable_element=&#8221;yes&#8221; margin_top=&#8221;140&#8243; margin_top_tab=&#8221;140&#8243; margin_top_mobile=&#8221;60px&#8221;][vc_column width=&#8221;1\/2&#8243; offset=&#8221;vc_col-lg-offset-1 vc_col-lg-6 vc_col-md-7&#8243;][vc_row_inner][vc_column_inner width=&#8221;11\/12&#8243; offset=&#8221;vc_col-md-10&#8243;][\/vc_column_inner][vc_column_inner width=&#8221;2\/3&#8243; margin_top=&#8221;-210&#8243; margin_top_tab=&#8221;-160&#8243; margin_top_mobile=&#8221;30&#8243; offset=&#8221;vc_col-md-offset-5 vc_col-md-7 vc_col-sm-offset-4&#8243;][\/vc_column_inner][\/vc_row_inner][\/vc_column][vc_column width=&#8221;1\/2&#8243; padding_top=&#8221;65&#8243; padding_left=&#8221;100&#8243; padding_top_tab=&#8221;35&#8243; padding_left_tab=&#8221;50&#8243; padding_left_mobile=&#8221;15px&#8221; offset=&#8221;vc_col-lg-4 vc_col-md-5&#8243;][vc_custom_heading text=&#8221;\u201cWe are Merino Nulla pulvinar gravida eget ultricies. In nec pellentesque metus. Aliquam pulvinar consectetur risus. Praesent sed mauris vel elit egestas vitae erat.\u201d&#8221; font_container=&#8221;tag:h5|text_align:left&#8221;][\/vc_column][\/vc_row][vc_row margin_top=&#8221;140&#8243; margin_top_tab=&#8221;140&#8243; margin_top_mobile=&#8221;60px&#8221;][vc_column width=&#8221;1\/2&#8243; [&hellip;]\" \/>\n<meta property=\"og:url\" content=\"https:\/\/chereatelier.hr\/en\/about\/\" \/>\n<meta property=\"og:site_name\" content=\"Charm&amp;s Fashion\" \/>\n<meta property=\"article:publisher\" content=\"https:\/\/www.facebook.com\/CHARMISFASHIONZADAR\" \/>\n<meta property=\"article:modified_time\" content=\"2022-05-02T10:59:11+00:00\" \/>\n<meta property=\"og:image\" content=\"https:\/\/chereatelier.hr\/wp-content\/uploads\/2022\/09\/278078001_7367566353285285_2211440979377773149_n.jpg\" \/>\n\t<meta property=\"og:image:width\" content=\"828\" \/>\n\t<meta property=\"og:image:height\" content=\"828\" \/>\n\t<meta property=\"og:image:type\" content=\"image\/jpeg\" \/>\n<meta name=\"twitter:card\" content=\"summary_large_image\" \/>\n<meta name=\"twitter:label1\" content=\"Est. reading time\" \/>\n\t<meta name=\"twitter:data1\" content=\"4 minutes\" \/>\n<script type=\"application\/ld+json\" class=\"yoast-schema-graph\">{\"@context\":\"https:\/\/schema.org\",\"@graph\":[{\"@type\":\"WebPage\",\"@id\":\"https:\/\/chereatelier.hr\/en\/about\/\",\"url\":\"https:\/\/chereatelier.hr\/en\/about\/\",\"name\":\"About - Charm&amp;s Fashion\",\"isPartOf\":{\"@id\":\"https:\/\/chereatelier.hr\/#website\"},\"datePublished\":\"2019-01-09T10:16:08+00:00\",\"dateModified\":\"2022-05-02T10:59:11+00:00\",\"breadcrumb\":{\"@id\":\"https:\/\/chereatelier.hr\/en\/about\/#breadcrumb\"},\"inLanguage\":\"en-US\",\"potentialAction\":[{\"@type\":\"ReadAction\",\"target\":[\"https:\/\/chereatelier.hr\/en\/about\/\"]}]},{\"@type\":\"BreadcrumbList\",\"@id\":\"https:\/\/chereatelier.hr\/en\/about\/#breadcrumb\",\"itemListElement\":[{\"@type\":\"ListItem\",\"position\":1,\"name\":\"Po\u010detna stranica\",\"item\":\"https:\/\/chereatelier.hr\/\"},{\"@type\":\"ListItem\",\"position\":2,\"name\":\"About\"}]},{\"@type\":\"WebSite\",\"@id\":\"https:\/\/chereatelier.hr\/#website\",\"url\":\"https:\/\/chereatelier.hr\/\",\"name\":\"Charm&amp;s Fashion\",\"description\":\"Woman fashion store - Croatia\",\"publisher\":{\"@id\":\"https:\/\/chereatelier.hr\/#organization\"},\"potentialAction\":[{\"@type\":\"SearchAction\",\"target\":{\"@type\":\"EntryPoint\",\"urlTemplate\":\"https:\/\/chereatelier.hr\/?s={search_term_string}\"},\"query-input\":{\"@type\":\"PropertyValueSpecification\",\"valueRequired\":true,\"valueName\":\"search_term_string\"}}],\"inLanguage\":\"en-US\"},{\"@type\":\"Organization\",\"@id\":\"https:\/\/chereatelier.hr\/#organization\",\"name\":\"Charm&amp;s Fashion\",\"url\":\"https:\/\/chereatelier.hr\/\",\"logo\":{\"@type\":\"ImageObject\",\"inLanguage\":\"en-US\",\"@id\":\"https:\/\/chereatelier.hr\/#\/schema\/logo\/image\/\",\"url\":\"https:\/\/i0.wp.com\/charmis-fashion.com\/wp-content\/uploads\/2022\/09\/278078001_7367566353285285_2211440979377773149_n.jpg?fit=828%2C828&ssl=1\",\"contentUrl\":\"https:\/\/i0.wp.com\/charmis-fashion.com\/wp-content\/uploads\/2022\/09\/278078001_7367566353285285_2211440979377773149_n.jpg?fit=828%2C828&ssl=1\",\"width\":828,\"height\":828,\"caption\":\"Charm&amp;s Fashion\"},\"image\":{\"@id\":\"https:\/\/chereatelier.hr\/#\/schema\/logo\/image\/\"},\"sameAs\":[\"https:\/\/www.facebook.com\/CHARMISFASHIONZADAR\",\"https:\/\/www.instagram.com\/charmis_fashion\/\"]}]}<\/script>\n<!-- \/ Yoast SEO plugin. -->","yoast_head_json":{"title":"About - Charm&amp;s Fashion","robots":{"index":"index","follow":"follow","max-snippet":"max-snippet:-1","max-image-preview":"max-image-preview:large","max-video-preview":"max-video-preview:-1"},"canonical":"https:\/\/chereatelier.hr\/en\/about\/","og_locale":"en_US","og_type":"article","og_title":"About - Charm&amp;s Fashion","og_description":"[vc_row disable_element=&#8221;yes&#8221; margin_top=&#8221;140&#8243; margin_top_tab=&#8221;140&#8243; margin_top_mobile=&#8221;60px&#8221;][vc_column width=&#8221;1\/2&#8243; offset=&#8221;vc_col-lg-offset-1 vc_col-lg-6 vc_col-md-7&#8243;][vc_row_inner][vc_column_inner width=&#8221;11\/12&#8243; offset=&#8221;vc_col-md-10&#8243;][\/vc_column_inner][vc_column_inner width=&#8221;2\/3&#8243; margin_top=&#8221;-210&#8243; margin_top_tab=&#8221;-160&#8243; margin_top_mobile=&#8221;30&#8243; offset=&#8221;vc_col-md-offset-5 vc_col-md-7 vc_col-sm-offset-4&#8243;][\/vc_column_inner][\/vc_row_inner][\/vc_column][vc_column width=&#8221;1\/2&#8243; padding_top=&#8221;65&#8243; padding_left=&#8221;100&#8243; padding_top_tab=&#8221;35&#8243; padding_left_tab=&#8221;50&#8243; padding_left_mobile=&#8221;15px&#8221; offset=&#8221;vc_col-lg-4 vc_col-md-5&#8243;][vc_custom_heading text=&#8221;\u201cWe are Merino Nulla pulvinar gravida eget ultricies. In nec pellentesque metus. Aliquam pulvinar consectetur risus. Praesent sed mauris vel elit egestas vitae erat.\u201d&#8221; font_container=&#8221;tag:h5|text_align:left&#8221;][\/vc_column][\/vc_row][vc_row margin_top=&#8221;140&#8243; margin_top_tab=&#8221;140&#8243; margin_top_mobile=&#8221;60px&#8221;][vc_column width=&#8221;1\/2&#8243; [&hellip;]","og_url":"https:\/\/chereatelier.hr\/en\/about\/","og_site_name":"Charm&amp;s Fashion","article_publisher":"https:\/\/www.facebook.com\/CHARMISFASHIONZADAR","article_modified_time":"2022-05-02T10:59:11+00:00","og_image":[{"width":828,"height":828,"url":"https:\/\/chereatelier.hr\/wp-content\/uploads\/2022\/09\/278078001_7367566353285285_2211440979377773149_n.jpg","type":"image\/jpeg"}],"twitter_card":"summary_large_image","twitter_misc":{"Est. reading time":"4 minutes"},"schema":{"@context":"https:\/\/schema.org","@graph":[{"@type":"WebPage","@id":"https:\/\/chereatelier.hr\/en\/about\/","url":"https:\/\/chereatelier.hr\/en\/about\/","name":"About - Charm&amp;s Fashion","isPartOf":{"@id":"https:\/\/chereatelier.hr\/#website"},"datePublished":"2019-01-09T10:16:08+00:00","dateModified":"2022-05-02T10:59:11+00:00","breadcrumb":{"@id":"https:\/\/chereatelier.hr\/en\/about\/#breadcrumb"},"inLanguage":"en-US","potentialAction":[{"@type":"ReadAction","target":["https:\/\/chereatelier.hr\/en\/about\/"]}]},{"@type":"BreadcrumbList","@id":"https:\/\/chereatelier.hr\/en\/about\/#breadcrumb","itemListElement":[{"@type":"ListItem","position":1,"name":"Po\u010detna stranica","item":"https:\/\/chereatelier.hr\/"},{"@type":"ListItem","position":2,"name":"About"}]},{"@type":"WebSite","@id":"https:\/\/chereatelier.hr\/#website","url":"https:\/\/chereatelier.hr\/","name":"Charm&amp;s Fashion","description":"Woman fashion store - Croatia","publisher":{"@id":"https:\/\/chereatelier.hr\/#organization"},"potentialAction":[{"@type":"SearchAction","target":{"@type":"EntryPoint","urlTemplate":"https:\/\/chereatelier.hr\/?s={search_term_string}"},"query-input":{"@type":"PropertyValueSpecification","valueRequired":true,"valueName":"search_term_string"}}],"inLanguage":"en-US"},{"@type":"Organization","@id":"https:\/\/chereatelier.hr\/#organization","name":"Charm&amp;s Fashion","url":"https:\/\/chereatelier.hr\/","logo":{"@type":"ImageObject","inLanguage":"en-US","@id":"https:\/\/chereatelier.hr\/#\/schema\/logo\/image\/","url":"https:\/\/i0.wp.com\/charmis-fashion.com\/wp-content\/uploads\/2022\/09\/278078001_7367566353285285_2211440979377773149_n.jpg?fit=828%2C828&ssl=1","contentUrl":"https:\/\/i0.wp.com\/charmis-fashion.com\/wp-content\/uploads\/2022\/09\/278078001_7367566353285285_2211440979377773149_n.jpg?fit=828%2C828&ssl=1","width":828,"height":828,"caption":"Charm&amp;s Fashion"},"image":{"@id":"https:\/\/chereatelier.hr\/#\/schema\/logo\/image\/"},"sameAs":["https:\/\/www.facebook.com\/CHARMISFASHIONZADAR","https:\/\/www.instagram.com\/charmis_fashion\/"]}]}},"_links":{"self":[{"href":"https:\/\/chereatelier.hr\/en\/wp-json\/wp\/v2\/pages\/646","targetHints":{"allow":["GET"]}}],"collection":[{"href":"https:\/\/chereatelier.hr\/en\/wp-json\/wp\/v2\/pages"}],"about":[{"href":"https:\/\/chereatelier.hr\/en\/wp-json\/wp\/v2\/types\/page"}],"author":[{"embeddable":true,"href":"https:\/\/chereatelier.hr\/en\/wp-json\/wp\/v2\/users\/20"}],"replies":[{"embeddable":true,"href":"https:\/\/chereatelier.hr\/en\/wp-json\/wp\/v2\/comments?post=646"}],"version-history":[{"count":5,"href":"https:\/\/chereatelier.hr\/en\/wp-json\/wp\/v2\/pages\/646\/revisions"}],"predecessor-version":[{"id":4626,"href":"https:\/\/chereatelier.hr\/en\/wp-json\/wp\/v2\/pages\/646\/revisions\/4626"}],"wp:attachment":[{"href":"https:\/\/chereatelier.hr\/en\/wp-json\/wp\/v2\/media?parent=646"}],"curies":[{"name":"wp","href":"https:\/\/api.w.org\/{rel}","templated":true}]}}